{"id":23685,"date":"2024-05-09T12:21:28","date_gmt":"2024-05-09T10:21:28","guid":{"rendered":"http:\/\/fotoletra.es.mialias.net\/clients\/"},"modified":"2024-07-01T12:42:56","modified_gmt":"2024-07-01T10:42:56","slug":"clientes","status":"publish","type":"page","link":"https:\/\/www.fotoletra.es\/es\/clientes\/","title":{"rendered":"Clientes"},"content":{"rendered":"<div class=\"wpb-content-wrapper\"><section data-vc-full-width=\"true\" data-vc-full-width-init=\"false\" class=\"vc_row wpb_row vc_row-fluid  vc_custom_1715684108976 pofo-stretch-content pofo-stretch-row-container\"><div class=\"wpb_column vc_column_container vc_col-sm-12  col-xs-mobile-fullwidth\"><div class=\"vc_column-inner \"><div class=\"wpb_wrapper\"><div class=\"vc_row wpb_row vc_inner vc_row-fluid  vc_custom_1716374859119 pofo-inner-row-responsive-69f1e70cb3726\"><div class=\"wpb_column vc_column_container vc_col-sm-2 vc_hidden-xs col-xs-mobile-fullwidth\"><div class=\"vc_column-inner \"><div class=\"wpb_wrapper\"><\/div><\/div><\/div><div class=\"wpb_column vc_column_container vc_col-sm-8 vc_col-xs-12 text-center md-text-left sm-text-left xs-text-left pofo-column-responsive-69f1e70cb3826\"><div class=\"vc_column-inner vc_custom_1716374900041\"><div class=\"wpb_wrapper\"><h3 class=\"text-extra-dark-gray margin-20px-bottom font-weight-600 display-inline-block alt-font  pofo_font_1717569528055 heading-style2  heading-1\"  style=\"font-size: 60px; line-height: 62px; letter-spacing: 1px; font-weight: 300; color: #121212;\" data-fontsize=\"60px\" data-lineheight=\"62px\">Construimos alianzas de confianza y \u00e9xito con nuestros clientes<\/h3>[vc_empty_space height=\u00bb20px\u00bb]<div class=\"destacado-home last-paragraph-no-margin\" style=\"color: #000000;\"><p>Editoriales destacadas de \u00e1mbito nacional e internacional, asociaciones y sociedades cient\u00edficas de referencia, entidades del sector p\u00fablico, entre otros, conf\u00edan en nosotros para llevar a cabo sus proyectos visuales y gr\u00e1ficos.<\/p>\n<\/div><\/div><\/div><\/div><div class=\"wpb_column vc_column_container vc_col-sm-2 vc_hidden-xs col-xs-mobile-fullwidth\"><div class=\"vc_column-inner \"><div class=\"wpb_wrapper\"><\/div><\/div><\/div><\/div><div class=\"vc_row wpb_row vc_inner vc_row-fluid  vc_custom_1714117768876\"><div class=\"wpb_column vc_column_container vc_col-sm-4 vc_col-lg-4 vc_col-md-4 vc_col-xs-4\"><div class=\"vc_column-inner \"><div class=\"wpb_wrapper\">[vc_single_image image=\u00bb22429&#8243; img_size=\u00bbfull\u00bb]<\/div><\/div><\/div><div class=\"wpb_column vc_column_container vc_col-sm-4 vc_col-lg-4 vc_col-md-4 vc_col-xs-4\"><div class=\"vc_column-inner \"><div class=\"wpb_wrapper\"><\/div><\/div><\/div><div class=\"wpb_column vc_column_container vc_col-sm-4 vc_col-lg-4 vc_col-md-4 vc_col-xs-4\"><div class=\"vc_column-inner \"><div class=\"wpb_wrapper\">[vc_single_image image=\u00bb22436&#8243; img_size=\u00bbfull\u00bb alignment=\u00bbright\u00bb]<\/div><\/div><\/div><\/div><\/div><\/div><\/div><\/section><div class=\"vc_row-full-width vc_clearfix\"><\/div><section class=\"vc_row wpb_row vc_row-fluid  vc_custom_1715684120908\"><div class=\"wpb_column vc_column_container vc_col-sm-2 vc_col-xs-12 text-center md-text-center sm-text-center xs-text-center\"><div class=\"vc_column-inner \"><div class=\"wpb_wrapper\">[vc_single_image image=\u00bb22507&#8243; img_size=\u00bbmedium\u00bb alignment=\u00bbcenter\u00bb][vc_single_image image=\u00bb22513&#8243; img_size=\u00bbmedium\u00bb alignment=\u00bbcenter\u00bb][vc_single_image image=\u00bb22519&#8243; img_size=\u00bbmedium\u00bb alignment=\u00bbcenter\u00bb]<\/div><\/div><\/div><div class=\"wpb_column vc_column_container vc_col-sm-2  col-xs-mobile-fullwidth\"><div class=\"vc_column-inner \"><div class=\"wpb_wrapper\">[vc_single_image image=\u00bb22509&#8243; img_size=\u00bbmedium\u00bb alignment=\u00bbcenter\u00bb][vc_single_image image=\u00bb22514&#8243; img_size=\u00bbmedium\u00bb alignment=\u00bbcenter\u00bb][vc_single_image image=\u00bb22520&#8243; img_size=\u00bbmedium\u00bb alignment=\u00bbcenter\u00bb]<\/div><\/div><\/div><div class=\"wpb_column vc_column_container vc_col-sm-2  col-xs-mobile-fullwidth\"><div class=\"vc_column-inner \"><div class=\"wpb_wrapper\">[vc_single_image image=\u00bb22510&#8243; img_size=\u00bbmedium\u00bb alignment=\u00bbcenter\u00bb][vc_single_image image=\u00bb22515&#8243; img_size=\u00bbmedium\u00bb alignment=\u00bbcenter\u00bb][vc_single_image image=\u00bb22521&#8243; img_size=\u00bbmedium\u00bb alignment=\u00bbcenter\u00bb]<\/div><\/div><\/div><div class=\"wpb_column vc_column_container vc_col-sm-2  col-xs-mobile-fullwidth\"><div class=\"vc_column-inner \"><div class=\"wpb_wrapper\">[vc_single_image image=\u00bb22508&#8243; img_size=\u00bbmedium\u00bb alignment=\u00bbcenter\u00bb][vc_single_image image=\u00bb22516&#8243; img_size=\u00bbmedium\u00bb alignment=\u00bbcenter\u00bb][vc_single_image image=\u00bb22522&#8243; img_size=\u00bbmedium\u00bb alignment=\u00bbcenter\u00bb]<\/div><\/div><\/div><div class=\"wpb_column vc_column_container vc_col-sm-2  col-xs-mobile-fullwidth\"><div class=\"vc_column-inner \"><div class=\"wpb_wrapper\">[vc_single_image image=\u00bb22511&#8243; img_size=\u00bbmedium\u00bb alignment=\u00bbcenter\u00bb][vc_single_image image=\u00bb22517&#8243; img_size=\u00bbmedium\u00bb alignment=\u00bbcenter\u00bb][vc_single_image image=\u00bb22523&#8243; img_size=\u00bbmedium\u00bb alignment=\u00bbcenter\u00bb]<\/div><\/div><\/div><div class=\"wpb_column vc_column_container vc_col-sm-2  col-xs-mobile-fullwidth\"><div class=\"vc_column-inner \"><div class=\"wpb_wrapper\">[vc_single_image image=\u00bb22512&#8243; img_size=\u00bbmedium\u00bb alignment=\u00bbcenter\u00bb][vc_single_image image=\u00bb22518&#8243; img_size=\u00bbmedium\u00bb alignment=\u00bbcenter\u00bb][vc_single_image image=\u00bb22524&#8243; img_size=\u00bbmedium\u00bb alignment=\u00bbcenter\u00bb]<\/div><\/div><\/div><\/section><section class=\"vc_row wpb_row vc_row-fluid  vc_custom_1715684120908\"><div class=\"wpb_column vc_column_container vc_col-sm-1\/5  col-xs-mobile-fullwidth text-center md-text-center sm-text-center xs-text-center\"><div class=\"vc_column-inner \"><div class=\"wpb_wrapper\">[vc_single_image image=\u00bb22525&#8243; img_size=\u00bbmedium\u00bb alignment=\u00bbcenter\u00bb]<\/div><\/div><\/div><div class=\"wpb_column vc_column_container vc_col-sm-1\/5  col-xs-mobile-fullwidth\"><div class=\"vc_column-inner \"><div class=\"wpb_wrapper\">[vc_single_image image=\u00bb22528&#8243; img_size=\u00bbmedium\u00bb alignment=\u00bbcenter\u00bb]<\/div><\/div><\/div><div class=\"wpb_column vc_column_container vc_col-sm-1\/5  col-xs-mobile-fullwidth\"><div class=\"vc_column-inner \"><div class=\"wpb_wrapper\">[vc_single_image image=\u00bb22526&#8243; img_size=\u00bbmedium\u00bb alignment=\u00bbcenter\u00bb]<\/div><\/div><\/div><div class=\"wpb_column vc_column_container vc_col-sm-1\/5  col-xs-mobile-fullwidth\"><div class=\"vc_column-inner \"><div class=\"wpb_wrapper\">[vc_single_image image=\u00bb22527&#8243; img_size=\u00bbmedium\u00bb alignment=\u00bbcenter\u00bb]<\/div><\/div><\/div><div class=\"wpb_column vc_column_container vc_col-sm-1\/5  col-xs-mobile-fullwidth\"><div class=\"vc_column-inner \"><div class=\"wpb_wrapper\">[vc_single_image image=\u00bb22529&#8243; img_size=\u00bbmedium\u00bb alignment=\u00bbcenter\u00bb]<\/div><\/div><\/div><\/section><section class=\"vc_row wpb_row vc_row-fluid  vc_custom_1715684120908\"><div class=\"wpb_column vc_column_container vc_col-sm-2  col-xs-mobile-fullwidth text-center md-text-center sm-text-center xs-text-center\"><div class=\"vc_column-inner \"><div class=\"wpb_wrapper\"><\/div><\/div><\/div><div class=\"wpb_column vc_column_container vc_col-sm-2  col-xs-mobile-fullwidth\"><div class=\"vc_column-inner \"><div class=\"wpb_wrapper\"><\/div><\/div><\/div><div class=\"wpb_column vc_column_container vc_col-sm-2  col-xs-mobile-fullwidth\"><div class=\"vc_column-inner \"><div class=\"wpb_wrapper\">[vc_single_image image=\u00bb22530&#8243; img_size=\u00bbmedium\u00bb alignment=\u00bbcenter\u00bb]<\/div><\/div><\/div><div class=\"wpb_column vc_column_container vc_col-sm-2  col-xs-mobile-fullwidth\"><div class=\"vc_column-inner \"><div class=\"wpb_wrapper\">[vc_single_image image=\u00bb22531&#8243; img_size=\u00bbmedium\u00bb alignment=\u00bbcenter\u00bb el_class=\u00bbviena-edicions\u00bb]<\/div><\/div><\/div><div class=\"wpb_column vc_column_container vc_col-sm-2  col-xs-mobile-fullwidth\"><div class=\"vc_column-inner \"><div class=\"wpb_wrapper\"><\/div><\/div><\/div><div class=\"wpb_column vc_column_container vc_col-sm-2  col-xs-mobile-fullwidth\"><div class=\"vc_column-inner \"><div class=\"wpb_wrapper\"><\/div><\/div><\/div><\/section><section data-vc-full-width=\"true\" data-vc-full-width-init=\"false\" class=\"vc_row wpb_row vc_row-fluid  vc_custom_1715685153168 wow fadeIn pofo-stretch-content pofo-stretch-row-container\"><div class=\"wpb_column vc_column_container vc_col-sm-12  col-xs-mobile-fullwidth\"><div class=\"vc_column-inner \"><div class=\"wpb_wrapper\"><div class=\"vc_row wpb_row vc_inner vc_row-fluid  vc_custom_1714117768876\"><div class=\"wpb_column vc_column_container vc_col-sm-4 vc_col-lg-4 vc_col-md-4 vc_col-xs-4\"><div class=\"vc_column-inner \"><div class=\"wpb_wrapper\">[vc_single_image image=\u00bb22430&#8243; img_size=\u00bbfull\u00bb]<\/div><\/div><\/div><div class=\"wpb_column vc_column_container vc_col-sm-4 vc_col-lg-4 vc_col-md-4 vc_col-xs-4\"><div class=\"vc_column-inner \"><div class=\"wpb_wrapper\"><\/div><\/div><\/div><div class=\"wpb_column vc_column_container vc_col-sm-4 vc_col-lg-4 vc_col-md-4 vc_col-xs-4\"><div class=\"vc_column-inner \"><div class=\"wpb_wrapper\">[vc_single_image image=\u00bb22431&#8243; img_size=\u00bbfull\u00bb alignment=\u00bbright\u00bb]<\/div><\/div><\/div><\/div><\/div><\/div><\/div><\/section><div class=\"vc_row-full-width vc_clearfix\"><\/div>\n<\/div>","protected":false},"excerpt":{"rendered":"Construimos alianzas de confianza y \u00e9xito con nuestros clientes[vc_empty_space height=\"20px\"]Editoriales destacadas de \u00e1mbito nacional e internacional, asociaciones y sociedades cient\u00edficas de referencia, entidades del sector p\u00fablico, entre otros, conf\u00edan en nosotros para llevar a cabo sus proyectos visuales y gr\u00e1ficos. [vc_single_image image=\"22429\" img_size=\"full\"][vc_single_image image=\"22436\" img_size=\"full\" alignment=\"right\"][vc_single_image image=\"22507\" img_size=\"medium\" alignment=\"center\"][vc_single_image image=\"22513\" img_size=\"medium\" alignment=\"center\"][vc_single_image image=\"22519\" img_size=\"medium\" alignment=\"center\"][vc_single_image image=\"22509\" img_size=\"medium\" alignment=\"center\"][vc_single_image image=\"22514\" img_size=\"medium\" alignment=\"center\"][vc_single_image image=\"22520\" img_size=\"medium\" alignment=\"center\"][vc_single_image image=\"22510\" img_size=\"medium\" alignment=\"center\"][vc_single_image image=\"22515\" img_size=\"medium\" alignment=\"center\"][vc_single_image image=\"22521\" img_size=\"medium\" alignment=\"center\"][vc_single_image image=\"22508\" img_size=\"medium\" alignment=\"center\"][vc_single_image image=\"22516\" img_size=\"medium\" alignment=\"center\"][vc_single_image image=\"22522\" img_size=\"medium\" alignment=\"center\"][vc_single_image image=\"22511\" img_size=\"medium\" alignment=\"center\"][vc_single_image image=\"22517\" img_size=\"medium\" alignment=\"center\"][vc_single_image image=\"22523\" img_size=\"medium\" alignment=\"center\"][vc_single_image image=\"22512\" img_size=\"medium\" alignment=\"center\"][vc_single_image image=\"22518\" img_size=\"medium\" alignment=\"center\"][vc_single_image image=\"22524\" img_size=\"medium\" alignment=\"center\"][vc_single_image image=\"22525\" img_size=\"medium\" alignment=\"center\"][vc_single_image image=\"22528\" img_size=\"medium\" alignment=\"center\"][vc_single_image image=\"22526\" img_size=\"medium\" alignment=\"center\"][vc_single_image image=\"22527\" img_size=\"medium\" alignment=\"center\"][vc_single_image image=\"22529\" img_size=\"medium\" alignment=\"center\"][vc_single_image image=\"22530\" img_size=\"medium\" alignment=\"center\"][vc_single_image image=\"22531\" img_size=\"medium\" alignment=\"center\" el_class=\"viena-edicions\"][vc_single_image image=\"22430\" img_size=\"full\"][vc_single_image image=\"22431\" img_size=\"full\" alignment=\"right\"]","protected":false},"author":1,"featured_media":0,"parent":0,"menu_order":0,"comment_status":"closed","ping_status":"closed","template":"","meta":{"inline_featured_image":false,"footnotes":""},"class_list":["post-23685","page","type-page","status-publish","hentry"],"yoast_head":"<!-- This site is optimized with the Yoast SEO plugin v27.2 - https:\/\/yoast.com\/product\/yoast-seo-wordpress\/ -->\n<title>Clientes - Fotoletra<\/title>\n<meta name=\"robots\" content=\"index, follow, max-snippet:-1, max-image-preview:large, max-video-preview:-1\" \/>\n<link rel=\"canonical\" href=\"https:\/\/www.fotoletra.es\/es\/clientes\/\" \/>\n<meta property=\"og:locale\" content=\"es_ES\" \/>\n<meta property=\"og:type\" content=\"article\" \/>\n<meta property=\"og:title\" content=\"Clientes - Fotoletra\" \/>\n<meta property=\"og:url\" content=\"https:\/\/www.fotoletra.es\/es\/clientes\/\" \/>\n<meta property=\"og:site_name\" content=\"Fotoletra\" \/>\n<meta property=\"article:modified_time\" content=\"2024-07-01T10:42:56+00:00\" \/>\n<meta name=\"twitter:card\" content=\"summary_large_image\" \/>\n<meta name=\"twitter:label1\" content=\"Tiempo de lectura\" \/>\n\t<meta name=\"twitter:data1\" content=\"2 minutos\" \/>\n<script type=\"application\/ld+json\" class=\"yoast-schema-graph\">{\"@context\":\"https:\/\/schema.org\",\"@graph\":[{\"@type\":\"WebPage\",\"@id\":\"https:\/\/www.fotoletra.es\/es\/clientes\/\",\"url\":\"https:\/\/www.fotoletra.es\/es\/clientes\/\",\"name\":\"Clientes - Fotoletra\",\"isPartOf\":{\"@id\":\"https:\/\/www.fotoletra.es\/#website\"},\"datePublished\":\"2024-05-09T10:21:28+00:00\",\"dateModified\":\"2024-07-01T10:42:56+00:00\",\"breadcrumb\":{\"@id\":\"https:\/\/www.fotoletra.es\/es\/clientes\/#breadcrumb\"},\"inLanguage\":\"es\",\"potentialAction\":[{\"@type\":\"ReadAction\",\"target\":[\"https:\/\/www.fotoletra.es\/es\/clientes\/\"]}]},{\"@type\":\"BreadcrumbList\",\"@id\":\"https:\/\/www.fotoletra.es\/es\/clientes\/#breadcrumb\",\"itemListElement\":[{\"@type\":\"ListItem\",\"position\":1,\"name\":\"Inici\",\"item\":\"https:\/\/www.fotoletra.es\/es\/\"},{\"@type\":\"ListItem\",\"position\":2,\"name\":\"Clientes\"}]},{\"@type\":\"WebSite\",\"@id\":\"https:\/\/www.fotoletra.es\/#website\",\"url\":\"https:\/\/www.fotoletra.es\/\",\"name\":\"Fotoletra\",\"description\":\"Servicios gr\u00e1ficos integrales, impresi\u00f3n digital, gesti\u00f3n editorial\",\"potentialAction\":[{\"@type\":\"SearchAction\",\"target\":{\"@type\":\"EntryPoint\",\"urlTemplate\":\"https:\/\/www.fotoletra.es\/?s={search_term_string}\"},\"query-input\":{\"@type\":\"PropertyValueSpecification\",\"valueRequired\":true,\"valueName\":\"search_term_string\"}}],\"inLanguage\":\"es\"}]}<\/script>\n<!-- \/ Yoast SEO plugin. -->","yoast_head_json":{"title":"Clientes - Fotoletra","robots":{"index":"index","follow":"follow","max-snippet":"max-snippet:-1","max-image-preview":"max-image-preview:large","max-video-preview":"max-video-preview:-1"},"canonical":"https:\/\/www.fotoletra.es\/es\/clientes\/","og_locale":"es_ES","og_type":"article","og_title":"Clientes - Fotoletra","og_url":"https:\/\/www.fotoletra.es\/es\/clientes\/","og_site_name":"Fotoletra","article_modified_time":"2024-07-01T10:42:56+00:00","twitter_card":"summary_large_image","twitter_misc":{"Tiempo de lectura":"2 minutos"},"schema":{"@context":"https:\/\/schema.org","@graph":[{"@type":"WebPage","@id":"https:\/\/www.fotoletra.es\/es\/clientes\/","url":"https:\/\/www.fotoletra.es\/es\/clientes\/","name":"Clientes - Fotoletra","isPartOf":{"@id":"https:\/\/www.fotoletra.es\/#website"},"datePublished":"2024-05-09T10:21:28+00:00","dateModified":"2024-07-01T10:42:56+00:00","breadcrumb":{"@id":"https:\/\/www.fotoletra.es\/es\/clientes\/#breadcrumb"},"inLanguage":"es","potentialAction":[{"@type":"ReadAction","target":["https:\/\/www.fotoletra.es\/es\/clientes\/"]}]},{"@type":"BreadcrumbList","@id":"https:\/\/www.fotoletra.es\/es\/clientes\/#breadcrumb","itemListElement":[{"@type":"ListItem","position":1,"name":"Inici","item":"https:\/\/www.fotoletra.es\/es\/"},{"@type":"ListItem","position":2,"name":"Clientes"}]},{"@type":"WebSite","@id":"https:\/\/www.fotoletra.es\/#website","url":"https:\/\/www.fotoletra.es\/","name":"Fotoletra","description":"Servicios gr\u00e1ficos integrales, impresi\u00f3n digital, gesti\u00f3n editorial","potentialAction":[{"@type":"SearchAction","target":{"@type":"EntryPoint","urlTemplate":"https:\/\/www.fotoletra.es\/?s={search_term_string}"},"query-input":{"@type":"PropertyValueSpecification","valueRequired":true,"valueName":"search_term_string"}}],"inLanguage":"es"}]}},"_links":{"self":[{"href":"https:\/\/www.fotoletra.es\/es\/wp-json\/wp\/v2\/pages\/23685","targetHints":{"allow":["GET"]}}],"collection":[{"href":"https:\/\/www.fotoletra.es\/es\/wp-json\/wp\/v2\/pages"}],"about":[{"href":"https:\/\/www.fotoletra.es\/es\/wp-json\/wp\/v2\/types\/page"}],"author":[{"embeddable":true,"href":"https:\/\/www.fotoletra.es\/es\/wp-json\/wp\/v2\/users\/1"}],"replies":[{"embeddable":true,"href":"https:\/\/www.fotoletra.es\/es\/wp-json\/wp\/v2\/comments?post=23685"}],"version-history":[{"count":5,"href":"https:\/\/www.fotoletra.es\/es\/wp-json\/wp\/v2\/pages\/23685\/revisions"}],"predecessor-version":[{"id":23691,"href":"https:\/\/www.fotoletra.es\/es\/wp-json\/wp\/v2\/pages\/23685\/revisions\/23691"}],"wp:attachment":[{"href":"https:\/\/www.fotoletra.es\/es\/wp-json\/wp\/v2\/media?parent=23685"}],"curies":[{"name":"wp","href":"https:\/\/api.w.org\/{rel}","templated":true}]}}