{"id":23981,"date":"2024-08-30T09:59:44","date_gmt":"2024-08-30T07:59:44","guid":{"rendered":"https:\/\/www.fotoletra.es\/?page_id=23981"},"modified":"2025-01-28T12:35:42","modified_gmt":"2025-01-28T11:35:42","slug":"privacy-policy","status":"publish","type":"page","link":"https:\/\/www.fotoletra.es\/en\/privacy-policy\/","title":{"rendered":"Privacy Policy"},"content":{"rendered":"<div class=\"wpb-content-wrapper\"><section class=\"vc_row wpb_row vc_row-fluid\"><div class=\"wpb_column vc_column_container vc_col-sm-12  col-xs-mobile-fullwidth\"><div class=\"vc_column-inner \"><div class=\"wpb_wrapper\"><div class=\"last-paragraph-no-margin\"><p><strong>Data Controller for personal data collected through the website<\/strong><\/p>\n<p>FOTOLETRA S.L., the legal entity responsible for collecting and processing personal data, is the Data Controller for the Personal Data that the USER provides through this website, being responsible for it in accordance with the current regulations on personal data protection: Organic Law 3\/2018 of December 5, on the Protection of Personal Data and Guarantee of Digital Rights (LOPDGDD), as well as the provisions of Law 34\/2002 of July 11, on Information Society Services and Electronic Commerce.<\/p>\n<p><strong>Contact details of the Data Protection Officer<\/strong><\/p>\n<ul>\n<li style=\"font-weight: 400;\" aria-level=\"1\"><b>Responsible:<\/b><span style=\"font-weight: 400;\"> FOTOLETRA S.L.<\/span><\/li>\n<li style=\"font-weight: 400;\" aria-level=\"1\"><span style=\"font-weight: 400;\"><strong>Address for notification purposes:<\/strong> Passeig Sant Joan, n\u00ba 198, bajos, 08037 Barcelona\u00a0<\/span><\/li>\n<li style=\"font-weight: 400;\" aria-level=\"1\"><span style=\"font-weight: 400;\"><strong>Phone:<\/strong> 934 525 290<\/span><\/li>\n<li style=\"font-weight: 400;\" aria-level=\"1\"><span style=\"font-weight: 400;\"><strong>Email:<\/strong> fotoletra@fotoletra.es<\/span><\/li>\n<\/ul>\n<p><strong>Personal data processed and purpose<\/strong><\/p>\n<p>We inform you that FOTOLETRA S.L. processes your personal data for the following purposes:<\/p>\n<p>To adequately manage the commercial relationship between FOTOLETRA S.L. and you, as well as to send you commercial information about our products and\/or services. The legal basis for these data processing activities is the fulfillment and development of the commercial relationship.<\/p>\n<p>If you request information through the website, we process the data provided by the user in order to manage the information request.<\/p>\n<p><strong>Data retention<\/strong><\/p>\n<p>Regarding retention periods, we indicate that we keep your personal data until you request its deletion, and in any case, we will keep it for the minimum number of years necessary to fulfill legal obligations.<\/p>\n<p>Once these retention periods have expired, we will proceed to delete your data.<\/p>\n<p>Your data may be communicated to third parties when necessary for the proper development and control of the commercial relationship (e.g., banks, transport companies), when required by law (e.g., to the tax administration), as well as in case they are requested by courts, tribunals, and\/or state security forces.<\/p>\n<p><strong>User rights<\/strong><\/p>\n<p>We inform you that you can exercise the rights of access, rectification, deletion, opposition, withdrawal of your consent, request the limitation of the processing of your personal data, and the right to data portability, as appropriate.<\/p>\n<p>To exercise these rights, you must send a request by postal mail addressed to FOTOLETRA S.L. at Passeig Sant Joan No. 198 ground floor, 08037 Barcelona, with CIF number B08671893, or to the following email address fotoletra@fotoletra.es. In both cases, you must indicate in your request your full name and the right you are exercising, accompanied by a copy of your ID or equivalent document proving your identity.<\/p>\n<p>If you consider that there has been an infringement of the data protection legislation regarding the processing of your personal data, you also have the right to file a complaint with the Spanish Data Protection Agency.<\/p>\n<\/div><\/div><\/div><\/div><\/section>\n<\/div>","protected":false},"excerpt":{"rendered":"Data Controller for personal data collected through the website FOTOLETRA S.L., the legal entity responsible for collecting and processing personal data, is the Data Controller for the Personal Data that the USER provides through this website, being responsible for it in accordance with the current regulations on personal data protection: Organic Law 3\/2018 of December 5, on the Protection of Personal Data and Guarantee of Digital Rights (LOPDGDD), as well as the provisions of Law 34\/2002 of July 11, on Information Society Services and Electronic Commerce. Contact details of the Data Protection Officer Responsible: FOTOLETRA S.L. Address for notification purposes: Passeig Sant Joan, n\u00ba 198, bajos, 08037 Barcelona\u00a0 Phone: 934 525 290 Email: fotoletra@fotoletra.es Personal data processed and purpose We inform you that FOTOLETRA S.L. processes your personal data for the following purposes: To adequately manage the commercial relationship between FOTOLETRA S.L. and you, as well as to send you commercial information about our products and\/or services. The legal basis for these data processing activities is the fulfillment and development of the commercial relationship. If you request information through the website, we process the data provided by the user in order to manage the information request. Data retention Regarding retention...","protected":false},"author":1,"featured_media":0,"parent":0,"menu_order":0,"comment_status":"closed","ping_status":"closed","template":"","meta":{"inline_featured_image":false,"footnotes":""},"class_list":["post-23981","page","type-page","status-publish","hentry"],"yoast_head":"<!-- This site is optimized with the Yoast SEO plugin v27.2 - https:\/\/yoast.com\/product\/yoast-seo-wordpress\/ -->\n<title>Privacy Policy - Fotoletra<\/title>\n<meta name=\"robots\" content=\"index, follow, max-snippet:-1, max-image-preview:large, max-video-preview:-1\" \/>\n<link rel=\"canonical\" href=\"https:\/\/www.fotoletra.es\/en\/privacy-policy\/\" \/>\n<meta property=\"og:locale\" content=\"en_US\" \/>\n<meta property=\"og:type\" content=\"article\" \/>\n<meta property=\"og:title\" content=\"Privacy Policy - Fotoletra\" \/>\n<meta property=\"og:url\" content=\"https:\/\/www.fotoletra.es\/en\/privacy-policy\/\" \/>\n<meta property=\"og:site_name\" content=\"Fotoletra\" \/>\n<meta property=\"article:modified_time\" content=\"2025-01-28T11:35:42+00:00\" \/>\n<meta name=\"twitter:card\" content=\"summary_large_image\" \/>\n<meta name=\"twitter:label1\" content=\"Est. reading time\" \/>\n\t<meta name=\"twitter:data1\" content=\"3 minutes\" \/>\n<script type=\"application\/ld+json\" class=\"yoast-schema-graph\">{\"@context\":\"https:\/\/schema.org\",\"@graph\":[{\"@type\":\"WebPage\",\"@id\":\"https:\/\/www.fotoletra.es\/en\/privacy-policy\/\",\"url\":\"https:\/\/www.fotoletra.es\/en\/privacy-policy\/\",\"name\":\"Privacy Policy - Fotoletra\",\"isPartOf\":{\"@id\":\"https:\/\/www.fotoletra.es\/#website\"},\"datePublished\":\"2024-08-30T07:59:44+00:00\",\"dateModified\":\"2025-01-28T11:35:42+00:00\",\"breadcrumb\":{\"@id\":\"https:\/\/www.fotoletra.es\/en\/privacy-policy\/#breadcrumb\"},\"inLanguage\":\"en-US\",\"potentialAction\":[{\"@type\":\"ReadAction\",\"target\":[\"https:\/\/www.fotoletra.es\/en\/privacy-policy\/\"]}]},{\"@type\":\"BreadcrumbList\",\"@id\":\"https:\/\/www.fotoletra.es\/en\/privacy-policy\/#breadcrumb\",\"itemListElement\":[{\"@type\":\"ListItem\",\"position\":1,\"name\":\"Inici\",\"item\":\"https:\/\/www.fotoletra.es\/en\/\"},{\"@type\":\"ListItem\",\"position\":2,\"name\":\"Privacy Policy\"}]},{\"@type\":\"WebSite\",\"@id\":\"https:\/\/www.fotoletra.es\/#website\",\"url\":\"https:\/\/www.fotoletra.es\/\",\"name\":\"Fotoletra\",\"description\":\"Servicios gr\u00e1ficos integrales, impresi\u00f3n digital, gesti\u00f3n editorial\",\"potentialAction\":[{\"@type\":\"SearchAction\",\"target\":{\"@type\":\"EntryPoint\",\"urlTemplate\":\"https:\/\/www.fotoletra.es\/?s={search_term_string}\"},\"query-input\":{\"@type\":\"PropertyValueSpecification\",\"valueRequired\":true,\"valueName\":\"search_term_string\"}}],\"inLanguage\":\"en-US\"}]}<\/script>\n<!-- \/ Yoast SEO plugin. -->","yoast_head_json":{"title":"Privacy Policy - Fotoletra","robots":{"index":"index","follow":"follow","max-snippet":"max-snippet:-1","max-image-preview":"max-image-preview:large","max-video-preview":"max-video-preview:-1"},"canonical":"https:\/\/www.fotoletra.es\/en\/privacy-policy\/","og_locale":"en_US","og_type":"article","og_title":"Privacy Policy - Fotoletra","og_url":"https:\/\/www.fotoletra.es\/en\/privacy-policy\/","og_site_name":"Fotoletra","article_modified_time":"2025-01-28T11:35:42+00:00","twitter_card":"summary_large_image","twitter_misc":{"Est. reading time":"3 minutes"},"schema":{"@context":"https:\/\/schema.org","@graph":[{"@type":"WebPage","@id":"https:\/\/www.fotoletra.es\/en\/privacy-policy\/","url":"https:\/\/www.fotoletra.es\/en\/privacy-policy\/","name":"Privacy Policy - Fotoletra","isPartOf":{"@id":"https:\/\/www.fotoletra.es\/#website"},"datePublished":"2024-08-30T07:59:44+00:00","dateModified":"2025-01-28T11:35:42+00:00","breadcrumb":{"@id":"https:\/\/www.fotoletra.es\/en\/privacy-policy\/#breadcrumb"},"inLanguage":"en-US","potentialAction":[{"@type":"ReadAction","target":["https:\/\/www.fotoletra.es\/en\/privacy-policy\/"]}]},{"@type":"BreadcrumbList","@id":"https:\/\/www.fotoletra.es\/en\/privacy-policy\/#breadcrumb","itemListElement":[{"@type":"ListItem","position":1,"name":"Inici","item":"https:\/\/www.fotoletra.es\/en\/"},{"@type":"ListItem","position":2,"name":"Privacy Policy"}]},{"@type":"WebSite","@id":"https:\/\/www.fotoletra.es\/#website","url":"https:\/\/www.fotoletra.es\/","name":"Fotoletra","description":"Servicios gr\u00e1ficos integrales, impresi\u00f3n digital, gesti\u00f3n editorial","potentialAction":[{"@type":"SearchAction","target":{"@type":"EntryPoint","urlTemplate":"https:\/\/www.fotoletra.es\/?s={search_term_string}"},"query-input":{"@type":"PropertyValueSpecification","valueRequired":true,"valueName":"search_term_string"}}],"inLanguage":"en-US"}]}},"_links":{"self":[{"href":"https:\/\/www.fotoletra.es\/en\/wp-json\/wp\/v2\/pages\/23981","targetHints":{"allow":["GET"]}}],"collection":[{"href":"https:\/\/www.fotoletra.es\/en\/wp-json\/wp\/v2\/pages"}],"about":[{"href":"https:\/\/www.fotoletra.es\/en\/wp-json\/wp\/v2\/types\/page"}],"author":[{"embeddable":true,"href":"https:\/\/www.fotoletra.es\/en\/wp-json\/wp\/v2\/users\/1"}],"replies":[{"embeddable":true,"href":"https:\/\/www.fotoletra.es\/en\/wp-json\/wp\/v2\/comments?post=23981"}],"version-history":[{"count":2,"href":"https:\/\/www.fotoletra.es\/en\/wp-json\/wp\/v2\/pages\/23981\/revisions"}],"predecessor-version":[{"id":24028,"href":"https:\/\/www.fotoletra.es\/en\/wp-json\/wp\/v2\/pages\/23981\/revisions\/24028"}],"wp:attachment":[{"href":"https:\/\/www.fotoletra.es\/en\/wp-json\/wp\/v2\/media?parent=23981"}],"curies":[{"name":"wp","href":"https:\/\/api.w.org\/{rel}","templated":true}]}}