{"id":23678,"date":"2024-05-09T14:55:19","date_gmt":"2024-05-09T12:55:19","guid":{"rendered":"http:\/\/fotoletra.es.mialias.net\/contacte\/"},"modified":"2024-12-13T14:13:41","modified_gmt":"2024-12-13T13:13:41","slug":"contact","status":"publish","type":"page","link":"https:\/\/www.fotoletra.es\/en\/contact\/","title":{"rendered":"Contact"},"content":{"rendered":"<div class=\"wpb-content-wrapper\"><section data-vc-full-width=\"true\" data-vc-full-width-init=\"false\" class=\"vc_row wpb_row vc_row-fluid  vc_custom_1715679674835 wow fadeIn pofo-stretch-content pofo-stretch-row-container pofo-row-responsive-69f1e793aaf20\"><div class=\"wpb_column vc_column_container vc_col-sm-6 vc_hidden-md vc_hidden-sm vc_hidden-xs col-xs-mobile-fullwidth\"><div class=\"vc_column-inner \"><div class=\"wpb_wrapper\">[vc_single_image image=&#8221;23916&#8243; img_size=&#8221;full&#8221; css=&#8221;&#8221;]<\/div><\/div><\/div><div class=\"wpb_column vc_column_container vc_col-sm-6 vc_col-lg-offset-0 vc_col-md-offset-3 vc_col-sm-offset-3 col-xs-mobile-fullwidth pofo-column-responsive-69f1e793ab081\"><div class=\"vc_column-inner vc_custom_1716375561987\"><div class=\"wpb_wrapper\"><h5 class=\"text-extra-dark-gray margin-20px-bottom font-weight-600 display-inline-block alt-font heading-style2  heading-1\"  style=\"font-size: 32px; line-height: 62px; letter-spacing: 1px; font-weight: 300; color: #121212;\" data-fontsize=\"32px\" data-lineheight=\"62px\">Can we help you?<\/h5>\n<div class=\"wpcf7 no-js\" id=\"wpcf7-f23726-o1\" lang=\"en-US\" dir=\"ltr\" data-wpcf7-id=\"23726\">\n<div class=\"screen-reader-response\"><p role=\"status\" aria-live=\"polite\" aria-atomic=\"true\"><\/p> <ul><\/ul><\/div>\n<form action=\"\/en\/wp-json\/wp\/v2\/pages\/23678#wpcf7-f23726-o1\" method=\"post\" class=\"wpcf7-form init\" aria-label=\"Contact form\" novalidate=\"novalidate\" data-status=\"init\">\n<fieldset class=\"hidden-fields-container\"><input type=\"hidden\" name=\"_wpcf7\" value=\"23726\" \/><input type=\"hidden\" name=\"_wpcf7_version\" value=\"6.1.5\" \/><input type=\"hidden\" name=\"_wpcf7_locale\" value=\"en_US\" \/><input type=\"hidden\" name=\"_wpcf7_unit_tag\" value=\"wpcf7-f23726-o1\" \/><input type=\"hidden\" name=\"_wpcf7_container_post\" value=\"0\" \/><input type=\"hidden\" name=\"_wpcf7_posted_data_hash\" value=\"\" \/>\n<\/fieldset>\n<p><label> Name<br \/>\n<span class=\"wpcf7-form-control-wrap\" data-name=\"your-name\"><input size=\"40\" maxlength=\"400\" class=\"wpcf7-form-control wpcf7-text wpcf7-validates-as-required\" autocomplete=\"name\" aria-required=\"true\" aria-invalid=\"false\" value=\"\" type=\"text\" name=\"your-name\" \/><\/span> <\/label>\n<\/p>\n<p><label> Email<br \/>\n<span class=\"wpcf7-form-control-wrap\" data-name=\"your-email\"><input size=\"40\" maxlength=\"400\" class=\"wpcf7-form-control wpcf7-email wpcf7-validates-as-required wpcf7-text wpcf7-validates-as-email\" autocomplete=\"email\" aria-required=\"true\" aria-invalid=\"false\" value=\"\" type=\"email\" name=\"your-email\" \/><\/span> <\/label>\n<\/p>\n<p><label> Request<br \/>\n<span class=\"wpcf7-form-control-wrap\" data-name=\"your-message\"><textarea cols=\"40\" rows=\"10\" maxlength=\"2000\" class=\"wpcf7-form-control wpcf7-textarea\" aria-invalid=\"false\" name=\"your-message\"><\/textarea><\/span> <\/label><br \/>\n<span class=\"wpcf7-form-control-wrap\" data-name=\"acceptance-47\"><span class=\"wpcf7-form-control wpcf7-acceptance\"><span class=\"wpcf7-list-item\"><label><input type=\"checkbox\" name=\"acceptance-47\" value=\"1\" aria-invalid=\"false\" \/><span class=\"wpcf7-list-item-label\">I accept the  <a href=\"\/en\/privacy-policy\/\">privacy policy<\/a><\/span><\/label><\/span><\/span><\/span><br \/>\n<input class=\"wpcf7-form-control wpcf7-submit has-spinner\" type=\"submit\" value=\"Send\" \/>\n<\/p><input type='hidden' class='wpcf7-pum' value='{\"closepopup\":false,\"closedelay\":0,\"openpopup\":false,\"openpopup_id\":0}' \/><div class=\"wpcf7-response-output\" aria-hidden=\"true\"><\/div>\n<\/form>\n<\/div>\n<div class=\"vc_row wpb_row vc_inner vc_row-fluid  vc_custom_1715679032792 vc_row-has-fill pofo-inner-row-responsive-69f1e793ace88\"><div class=\"wpb_column vc_column_container vc_col-sm-2 vc_col-lg-2 vc_col-md-2 vc_col-xs-2\"><div class=\"vc_column-inner \"><div class=\"wpb_wrapper\"><div class=\"info-contacte last-paragraph-no-margin\"><p>Address<\/p>\n<\/div><\/div><\/div><\/div><div class=\"wpb_column vc_column_container vc_col-sm-10 vc_col-lg-10 vc_col-md-10 vc_col-xs-10\"><div class=\"vc_column-inner \"><div class=\"wpb_wrapper\"><div class=\"detall-contacte last-paragraph-no-margin\"><p>Passeig de Sant Joan, 198<br \/>\n08037 Barcelona<\/p>\n<\/div><\/div><\/div><\/div><\/div><div class=\"vc_row wpb_row vc_inner vc_row-fluid  vc_custom_1715679046823 vc_row-has-fill pofo-inner-row-responsive-69f1e793ad0f7\"><div class=\"wpb_column vc_column_container vc_col-sm-2 vc_col-lg-2 vc_col-md-2 vc_col-xs-2\"><div class=\"vc_column-inner \"><div class=\"wpb_wrapper\"><div class=\"info-contacte last-paragraph-no-margin\"><p>Phone<\/p>\n<\/div><\/div><\/div><\/div><div class=\"wpb_column vc_column_container vc_col-sm-10 vc_col-lg-10 vc_col-md-10 vc_col-xs-10\"><div class=\"vc_column-inner \"><div class=\"wpb_wrapper\"><div class=\"detall-contacte last-paragraph-no-margin\"><p>934 525 290<\/p>\n<\/div><\/div><\/div><\/div><\/div><div class=\"vc_row wpb_row vc_inner vc_row-fluid  vc_custom_1715679061596 vc_row-has-fill pofo-inner-row-responsive-69f1e793ad23b\"><div class=\"wpb_column vc_column_container vc_col-sm-2 vc_col-lg-2 vc_col-md-2 vc_col-xs-2\"><div class=\"vc_column-inner \"><div class=\"wpb_wrapper\"><div class=\"info-contacte last-paragraph-no-margin\"><p>Email<\/p>\n<\/div><\/div><\/div><\/div><div class=\"wpb_column vc_column_container vc_col-sm-10 vc_col-lg-10 vc_col-md-10 vc_col-xs-10\"><div class=\"vc_column-inner \"><div class=\"wpb_wrapper\"><div class=\"detall-contacte last-paragraph-no-margin\"><p>fotoletra@fotoletra.es<\/p>\n<\/div><\/div><\/div><\/div><\/div><div class=\"vc_row wpb_row vc_inner vc_row-fluid  vc_custom_1715679075946 vc_row-has-fill pofo-inner-row-responsive-69f1e793ad369\"><div class=\"wpb_column vc_column_container vc_col-sm-2 vc_col-lg-2 vc_col-md-2 vc_col-xs-2\"><div class=\"vc_column-inner \"><div class=\"wpb_wrapper\"><div class=\"info-contacte last-paragraph-no-margin\"><p>Opening times<\/p>\n<\/div><\/div><\/div><\/div><div class=\"wpb_column vc_column_container vc_col-sm-10 vc_col-lg-10 vc_col-md-10 vc_col-xs-10\"><div class=\"vc_column-inner \"><div class=\"wpb_wrapper\"><div class=\"detall-contacte last-paragraph-no-margin\"><p>From Monday to Thursday from 8:00 to 18:30h.<br \/>\nFriday from 7:00 to 15:00h.<\/p>\n<\/div><\/div><\/div><\/div><\/div><\/div><\/div><\/div><\/section><div class=\"vc_row-full-width vc_clearfix\"><\/div><section data-vc-full-width=\"true\" data-vc-full-width-init=\"false\" data-vc-stretch-content=\"true\" class=\"vc_row wpb_row vc_row-fluid  vc_custom_1716375672979 pofo-stretch-content vc_row-no-padding\"><div class=\"wpb_column vc_column_container vc_col-sm-12 vc_hidden-lg col-xs-mobile-fullwidth\"><div class=\"vc_column-inner vc_custom_1716375590274\"><div class=\"wpb_wrapper\">[vc_single_image image=&#8221;23916&#8243; img_size=&#8221;full&#8221; css=&#8221;&#8221;]<\/div><\/div><\/div><\/section><div class=\"vc_row-full-width vc_clearfix\"><\/div>\n<\/div>","protected":false},"excerpt":{"rendered":"[vc_single_image image=\"23916\" img_size=\"full\" css=\"\"]Can we help you? Name Email Request I accept the privacy policy Address Passeig de Sant Joan, 198 08037 Barcelona Phone 934 525 290 Email fotoletra@fotoletra.es Opening times From Monday to Thursday from 8:00 to 18:30h. Friday from 7:00 to 15:00h. [vc_single_image image=\"23916\" img_size=\"full\" css=\"\"]","protected":false},"author":1,"featured_media":0,"parent":0,"menu_order":0,"comment_status":"closed","ping_status":"closed","template":"","meta":{"inline_featured_image":false,"footnotes":""},"class_list":["post-23678","page","type-page","status-publish","hentry"],"yoast_head":"<!-- This site is optimized with the Yoast SEO plugin v27.2 - https:\/\/yoast.com\/product\/yoast-seo-wordpress\/ -->\n<title>Contact - Fotoletra<\/title>\n<meta name=\"robots\" content=\"index, follow, max-snippet:-1, max-image-preview:large, max-video-preview:-1\" \/>\n<link rel=\"canonical\" href=\"https:\/\/www.fotoletra.es\/en\/contact\/\" \/>\n<meta property=\"og:locale\" content=\"en_US\" \/>\n<meta property=\"og:type\" content=\"article\" \/>\n<meta property=\"og:title\" content=\"Contact - Fotoletra\" \/>\n<meta property=\"og:url\" content=\"https:\/\/www.fotoletra.es\/en\/contact\/\" \/>\n<meta property=\"og:site_name\" content=\"Fotoletra\" \/>\n<meta property=\"article:modified_time\" content=\"2024-12-13T13:13:41+00:00\" \/>\n<meta name=\"twitter:card\" content=\"summary_large_image\" \/>\n<meta name=\"twitter:label1\" content=\"Est. reading time\" \/>\n\t<meta name=\"twitter:data1\" content=\"2 minutes\" \/>\n<script type=\"application\/ld+json\" class=\"yoast-schema-graph\">{\"@context\":\"https:\/\/schema.org\",\"@graph\":[{\"@type\":\"WebPage\",\"@id\":\"https:\/\/www.fotoletra.es\/en\/contact\/\",\"url\":\"https:\/\/www.fotoletra.es\/en\/contact\/\",\"name\":\"Contact - Fotoletra\",\"isPartOf\":{\"@id\":\"https:\/\/www.fotoletra.es\/#website\"},\"datePublished\":\"2024-05-09T12:55:19+00:00\",\"dateModified\":\"2024-12-13T13:13:41+00:00\",\"breadcrumb\":{\"@id\":\"https:\/\/www.fotoletra.es\/en\/contact\/#breadcrumb\"},\"inLanguage\":\"en-US\",\"potentialAction\":[{\"@type\":\"ReadAction\",\"target\":[\"https:\/\/www.fotoletra.es\/en\/contact\/\"]}]},{\"@type\":\"BreadcrumbList\",\"@id\":\"https:\/\/www.fotoletra.es\/en\/contact\/#breadcrumb\",\"itemListElement\":[{\"@type\":\"ListItem\",\"position\":1,\"name\":\"Inici\",\"item\":\"https:\/\/www.fotoletra.es\/en\/\"},{\"@type\":\"ListItem\",\"position\":2,\"name\":\"Contact\"}]},{\"@type\":\"WebSite\",\"@id\":\"https:\/\/www.fotoletra.es\/#website\",\"url\":\"https:\/\/www.fotoletra.es\/\",\"name\":\"Fotoletra\",\"description\":\"Servicios gr\u00e1ficos integrales, impresi\u00f3n digital, gesti\u00f3n editorial\",\"potentialAction\":[{\"@type\":\"SearchAction\",\"target\":{\"@type\":\"EntryPoint\",\"urlTemplate\":\"https:\/\/www.fotoletra.es\/?s={search_term_string}\"},\"query-input\":{\"@type\":\"PropertyValueSpecification\",\"valueRequired\":true,\"valueName\":\"search_term_string\"}}],\"inLanguage\":\"en-US\"}]}<\/script>\n<!-- \/ Yoast SEO plugin. -->","yoast_head_json":{"title":"Contact - Fotoletra","robots":{"index":"index","follow":"follow","max-snippet":"max-snippet:-1","max-image-preview":"max-image-preview:large","max-video-preview":"max-video-preview:-1"},"canonical":"https:\/\/www.fotoletra.es\/en\/contact\/","og_locale":"en_US","og_type":"article","og_title":"Contact - Fotoletra","og_url":"https:\/\/www.fotoletra.es\/en\/contact\/","og_site_name":"Fotoletra","article_modified_time":"2024-12-13T13:13:41+00:00","twitter_card":"summary_large_image","twitter_misc":{"Est. reading time":"2 minutes"},"schema":{"@context":"https:\/\/schema.org","@graph":[{"@type":"WebPage","@id":"https:\/\/www.fotoletra.es\/en\/contact\/","url":"https:\/\/www.fotoletra.es\/en\/contact\/","name":"Contact - Fotoletra","isPartOf":{"@id":"https:\/\/www.fotoletra.es\/#website"},"datePublished":"2024-05-09T12:55:19+00:00","dateModified":"2024-12-13T13:13:41+00:00","breadcrumb":{"@id":"https:\/\/www.fotoletra.es\/en\/contact\/#breadcrumb"},"inLanguage":"en-US","potentialAction":[{"@type":"ReadAction","target":["https:\/\/www.fotoletra.es\/en\/contact\/"]}]},{"@type":"BreadcrumbList","@id":"https:\/\/www.fotoletra.es\/en\/contact\/#breadcrumb","itemListElement":[{"@type":"ListItem","position":1,"name":"Inici","item":"https:\/\/www.fotoletra.es\/en\/"},{"@type":"ListItem","position":2,"name":"Contact"}]},{"@type":"WebSite","@id":"https:\/\/www.fotoletra.es\/#website","url":"https:\/\/www.fotoletra.es\/","name":"Fotoletra","description":"Servicios gr\u00e1ficos integrales, impresi\u00f3n digital, gesti\u00f3n editorial","potentialAction":[{"@type":"SearchAction","target":{"@type":"EntryPoint","urlTemplate":"https:\/\/www.fotoletra.es\/?s={search_term_string}"},"query-input":{"@type":"PropertyValueSpecification","valueRequired":true,"valueName":"search_term_string"}}],"inLanguage":"en-US"}]}},"_links":{"self":[{"href":"https:\/\/www.fotoletra.es\/en\/wp-json\/wp\/v2\/pages\/23678","targetHints":{"allow":["GET"]}}],"collection":[{"href":"https:\/\/www.fotoletra.es\/en\/wp-json\/wp\/v2\/pages"}],"about":[{"href":"https:\/\/www.fotoletra.es\/en\/wp-json\/wp\/v2\/types\/page"}],"author":[{"embeddable":true,"href":"https:\/\/www.fotoletra.es\/en\/wp-json\/wp\/v2\/users\/1"}],"replies":[{"embeddable":true,"href":"https:\/\/www.fotoletra.es\/en\/wp-json\/wp\/v2\/comments?post=23678"}],"version-history":[{"count":6,"href":"https:\/\/www.fotoletra.es\/en\/wp-json\/wp\/v2\/pages\/23678\/revisions"}],"predecessor-version":[{"id":23997,"href":"https:\/\/www.fotoletra.es\/en\/wp-json\/wp\/v2\/pages\/23678\/revisions\/23997"}],"wp:attachment":[{"href":"https:\/\/www.fotoletra.es\/en\/wp-json\/wp\/v2\/media?parent=23678"}],"curies":[{"name":"wp","href":"https:\/\/api.w.org\/{rel}","templated":true}]}}