{"id":23058,"date":"2024-05-09T11:48:32","date_gmt":"2024-05-09T09:48:32","guid":{"rendered":"http:\/\/www.fotoletra.es\/nosaltres\/"},"modified":"2024-07-30T11:28:48","modified_gmt":"2024-07-30T09:28:48","slug":"about-us","status":"publish","type":"page","link":"https:\/\/www.fotoletra.es\/en\/about-us\/","title":{"rendered":"About us"},"content":{"rendered":"<div class=\"wpb-content-wrapper\"><section class=\"vc_row wpb_row vc_row-fluid  vc_custom_1716374581560\"><div class=\"wpb_column vc_column_container vc_col-sm-12 vc_hidden-md vc_hidden-sm vc_hidden-xs col-xs-mobile-fullwidth\"><div class=\"vc_column-inner \"><div class=\"wpb_wrapper\"><div id=\"pofo-image-slider-1\" class=\"swiper-container width-100 height-100 pofo-image-style3 pofo-image-slider-1  cabecera pofo-slider3 pofo-slider3-1\" data-slider-options=\"{&quot;keyboard&quot;:true,&quot;slidesPerView&quot;:1,&quot;autoplay&quot;:false}\"><div class=\"swiper-wrapper\"><div class=\"swiper-slide cover-background bg-image-srcset\" style=\"background-image:url(https:\/\/www.fotoletra.es\/wp-content\/uploads\/2024\/05\/FOTOLETRA_20240429_Int_A7S6250.jpg)\" data-bg-srcset=\"https:\/\/www.fotoletra.es\/wp-content\/uploads\/2024\/05\/FOTOLETRA_20240429_Int_A7S6250.jpg 1920w, https:\/\/www.fotoletra.es\/wp-content\/uploads\/2024\/05\/FOTOLETRA_20240429_Int_A7S6250-300x200.jpg 300w, https:\/\/www.fotoletra.es\/wp-content\/uploads\/2024\/05\/FOTOLETRA_20240429_Int_A7S6250-1024x684.jpg 1024w, https:\/\/www.fotoletra.es\/wp-content\/uploads\/2024\/05\/FOTOLETRA_20240429_Int_A7S6250-768x513.jpg 768w, https:\/\/www.fotoletra.es\/wp-content\/uploads\/2024\/05\/FOTOLETRA_20240429_Int_A7S6250-1536x1026.jpg 1536w, https:\/\/www.fotoletra.es\/wp-content\/uploads\/2024\/05\/FOTOLETRA_20240429_Int_A7S6250-1155x771.jpg 1155w, https:\/\/www.fotoletra.es\/wp-content\/uploads\/2024\/05\/FOTOLETRA_20240429_Int_A7S6250-120x80.jpg 120w, https:\/\/www.fotoletra.es\/wp-content\/uploads\/2024\/05\/FOTOLETRA_20240429_Int_A7S6250-81x54.jpg 81w\"><div class=\"bg-extra-dark-gray bg-overlay\" style=\"opacity:0.5; \"><\/div><div class=\"container position-relative height-100\"><div class=\"col-md-12 slider-typography text-left xs-text-center\"><div class=\"slider-text-middle-main\"><div class=\"slider-text-middle\"><h2 class=\"alt-font text-extra-dark-gray font-weight-700 letter-spacing-minus-1 line-height-80 margin-35px-bottom md-line-height-auto xs-margin-15px-bottom word-wrap width-55 md-width-60 sm-width-70 xs-width-100\" style=\"font-size: 60px; line-height: 62px; font-weight: 300; color: #ffffff;\" data-fontsize=\"60px\" data-lineheight=\"62px\">Dedication and professionalism at the service of our customers<\/h2><\/div><\/div><\/div><\/div><\/div><\/div><\/div><\/div><\/div><\/div><\/section><section data-vc-full-width=\"true\" data-vc-full-width-init=\"false\" data-vc-stretch-content=\"true\" class=\"vc_row wpb_row vc_row-fluid  vc_custom_1716374558435 pofo-stretch-content vc_row-no-padding pofo-row-responsive-69f1e663d6477\"><div class=\"wpb_column vc_column_container vc_col-sm-12 vc_hidden-lg col-xs-mobile-fullwidth\"><div class=\"vc_column-inner \"><div class=\"wpb_wrapper\"><div id=\"pofo-image-slider-2\" class=\"swiper-container width-100 height-100 pofo-image-style3 pofo-image-slider-2  cabecera pofo-slider3 pofo-slider3-2\" data-slider-options=\"{&quot;keyboard&quot;:true,&quot;slidesPerView&quot;:1,&quot;autoplay&quot;:false}\"><div class=\"swiper-wrapper\"><div class=\"swiper-slide cover-background bg-image-srcset\" style=\"background-image:url(https:\/\/www.fotoletra.es\/wp-content\/uploads\/2024\/05\/FOTOLETRA_20240429_Int_A7S6250.jpg)\" data-bg-srcset=\"https:\/\/www.fotoletra.es\/wp-content\/uploads\/2024\/05\/FOTOLETRA_20240429_Int_A7S6250.jpg 1920w, https:\/\/www.fotoletra.es\/wp-content\/uploads\/2024\/05\/FOTOLETRA_20240429_Int_A7S6250-300x200.jpg 300w, https:\/\/www.fotoletra.es\/wp-content\/uploads\/2024\/05\/FOTOLETRA_20240429_Int_A7S6250-1024x684.jpg 1024w, https:\/\/www.fotoletra.es\/wp-content\/uploads\/2024\/05\/FOTOLETRA_20240429_Int_A7S6250-768x513.jpg 768w, https:\/\/www.fotoletra.es\/wp-content\/uploads\/2024\/05\/FOTOLETRA_20240429_Int_A7S6250-1536x1026.jpg 1536w, https:\/\/www.fotoletra.es\/wp-content\/uploads\/2024\/05\/FOTOLETRA_20240429_Int_A7S6250-1155x771.jpg 1155w, https:\/\/www.fotoletra.es\/wp-content\/uploads\/2024\/05\/FOTOLETRA_20240429_Int_A7S6250-120x80.jpg 120w, https:\/\/www.fotoletra.es\/wp-content\/uploads\/2024\/05\/FOTOLETRA_20240429_Int_A7S6250-81x54.jpg 81w\"><div class=\"bg-extra-dark-gray bg-overlay\" style=\"opacity:0.7; \"><\/div><div class=\"container position-relative height-100\"><div class=\"col-md-12 slider-typography text-left xs-text-center\"><div class=\"slider-text-middle-main\"><div class=\"slider-text-middle\"><h2 class=\"alt-font text-extra-dark-gray font-weight-700 letter-spacing-minus-1 line-height-80 margin-35px-bottom md-line-height-auto xs-margin-15px-bottom word-wrap width-55 md-width-60 sm-width-70 xs-width-100\" style=\"font-size: 40px; line-height: 42px; font-weight: 300; color: #ffffff;\" data-fontsize=\"40px\" data-lineheight=\"42px\">Dedication and professionalism at the service of our customers<\/h2><\/div><\/div><\/div><\/div><\/div><\/div><\/div><\/div><\/div><\/div><\/section><div class=\"vc_row-full-width vc_clearfix\"><\/div><section class=\"vc_row wpb_row vc_row-fluid  vc_custom_1716389409822\"><div class=\"wpb_column vc_column_container vc_col-sm-12  col-xs-mobile-fullwidth\"><div class=\"vc_column-inner vc_custom_1716389565664\"><div class=\"wpb_wrapper\"><div class=\"vc_row wpb_row vc_inner vc_row-fluid\"><div class=\"wpb_column vc_column_container vc_col-sm-7 vc_col-xs-12 wow fadeInUp text-left pofo-column-responsive-69f1e663d698e\"><div class=\"vc_column-inner vc_custom_1714386394290\"><div class=\"wpb_wrapper\"><div class=\"destacado-home last-paragraph-no-margin\" style=\"color: #000000;\"><p>We are a team of over 20 professionals, specialised and with a long history in the graphic industry, committed to quality and excellence in everything we do.<\/p>\n<p>Our multidisciplinary team works hand in hand and in synergy to offer the best graphic solutions, has the creativity, professionalism, and experience to make our clients&#8217; projects a reality.<\/p>\n<\/div><\/div><\/div><\/div><div class=\"wpb_column vc_column_container vc_col-sm-5  col-xs-mobile-fullwidth\"><div class=\"vc_column-inner \"><div class=\"wpb_wrapper\"><\/div><\/div><\/div><\/div><div class=\"vc_row wpb_row vc_inner vc_row-fluid  vc_custom_1714388691696\"><div class=\"wpb_column vc_column_container vc_col-sm-4 vc_col-lg-4 vc_col-md-4 vc_col-xs-4\"><div class=\"vc_column-inner \"><div class=\"wpb_wrapper\">[vc_single_image image=&#8221;22432&#8243; img_size=&#8221;full&#8221;]<\/div><\/div><\/div><div class=\"wpb_column vc_column_container vc_col-sm-4 vc_col-lg-4 vc_col-md-4 vc_col-xs-4\"><div class=\"vc_column-inner \"><div class=\"wpb_wrapper\">[vc_single_image image=&#8221;22428&#8243; img_size=&#8221;full&#8221; alignment=&#8221;center&#8221;]<\/div><\/div><\/div><div class=\"wpb_column vc_column_container vc_col-sm-4 vc_col-lg-4 vc_col-md-4 vc_col-xs-4\"><div class=\"vc_column-inner \"><div class=\"wpb_wrapper\">[vc_single_image image=&#8221;22433&#8243; img_size=&#8221;full&#8221; alignment=&#8221;right&#8221;]<\/div><\/div><\/div><\/div><\/div><\/div><\/div><\/section><section data-vc-full-width=\"true\" data-vc-full-width-init=\"false\" class=\"vc_row wpb_row vc_row-fluid  vc_custom_1716389596809 wow fadeIn pofo-stretch-content pofo-stretch-row-container\"><div class=\"wpb_column vc_column_container vc_col-sm-12 vc_hidden-sm col-xs-mobile-fullwidth\"><div class=\"vc_column-inner \"><div class=\"wpb_wrapper\"><div class=\"vc_row wpb_row vc_inner vc_row-fluid  vc_custom_1714386157743 vc_row-o-equal-height vc_row-flex\"><div class=\"wpb_column vc_column_container  col-xs-mobile-fullwidth\"><div class=\"vc_column-inner \"><div class=\"wpb_wrapper\"><div class=\"last-paragraph-no-margin\" style=\"color: #121212;\"><h2>Our services<\/h2>\n<\/div>[vc_empty_space]<\/div><\/div><\/div><div class=\"wpb_column vc_column_container vc_col-has-fill box-home am vc_col-sm-1\/5 vc_col-md-4 vc_col-xs-12 wow fadeInUp text-left pofo-column-responsive-69f1e663d6ead\"><div class=\"vc_column-inner vc_custom_1714386111541\"><div class=\"wpb_wrapper\">[vc_single_image image=&#8221;22457&#8243; img_size=&#8221;full&#8221;][vc_wp_text title=&#8221;Creativity and design&#8221;]We can help you to conceptualise your ideas and turn them into creative proposals.[\/vc_wp_text]<a  href=\"\/en\/creativity-and-design\/\" target=\"_self\" class=\"btn boto-info pofo-button-1 button-style9  btn-link text-extra-dark-gray text-deep-pink-hover  btn-large\"  style=\"color:#121212; \"><i class=\"fa-solid fa-arrow-right icon-very-small  margin-5px-right no-margin-left\" aria-hidden=\"true\" style=\"color:#121212;\" ><\/i>More information<\/a><\/div><\/div><\/div><div class=\"wpb_column vc_column_container vc_col-has-fill box-home pi vc_col-sm-1\/5 vc_col-md-4 vc_col-xs-12 wow fadeInUp text-left pofo-column-responsive-69f1e663d6fb0\" data-wow-delay= 200ms><div class=\"vc_column-inner vc_custom_1714386118258\"><div class=\"wpb_wrapper\">[vc_single_image image=&#8221;22459&#8243; img_size=&#8221;full&#8221;][vc_wp_text title=&#8221;Pre-print and editorial management&#8221;]We develop all stages of the editorial and pre-print process for both printed and digital material.[\/vc_wp_text]<a  href=\"\/en\/pre-print-and-editorial-management\/\" target=\"_self\" class=\"btn boto-info pofo-button-2 button-style9  btn-link text-extra-dark-gray text-deep-pink-hover  btn-large\"  style=\"color:#121212; \"><i class=\"fa-solid fa-arrow-right icon-very-small  margin-5px-right no-margin-left\" aria-hidden=\"true\" style=\"color:#121212;\" ><\/i>More information<\/a><\/div><\/div><\/div><div class=\"wpb_column vc_column_container vc_col-has-fill box-home bl vc_col-sm-1\/5 vc_col-md-4 vc_col-xs-12 wow fadeInUp text-left pofo-column-responsive-69f1e663d704b\" data-wow-delay= 400ms><div class=\"vc_column-inner vc_custom_1714386123495\"><div class=\"wpb_wrapper\">[vc_single_image image=&#8221;22460&#8243; img_size=&#8221;full&#8221;][vc_wp_text title=&#8221;Printing&#8221;]We will guide you through the printing phase (offset or digital), offering advice and the most appropriate solution for your print run, target, and material support.[\/vc_wp_text]<a  href=\"\/en\/printing\/\" target=\"_self\" class=\"btn boto-info pofo-button-3 button-style9  btn-link text-extra-dark-gray text-deep-pink-hover  btn-large\"  style=\"color:#121212; \"><i class=\"fa-solid fa-arrow-right icon-very-small  margin-5px-right no-margin-left\" aria-hidden=\"true\" style=\"color:#121212;\" ><\/i>More information<\/a><\/div><\/div><\/div><\/div><\/div><\/div><\/div><\/section><div class=\"vc_row-full-width vc_clearfix\"><\/div><section class=\"vc_row wpb_row vc_row-fluid  vc_custom_1716385780508\"><div class=\"wpb_column vc_column_container vc_col-sm-12 vc_hidden-lg vc_hidden-md vc_hidden-xs col-xs-mobile-fullwidth\"><div class=\"vc_column-inner \"><div class=\"wpb_wrapper\"><div class=\"last-paragraph-no-margin\" style=\"color: #121212;\"><h2>Els nostres serveis<\/h2>\n<\/div><div class=\"vc_row wpb_row vc_inner vc_row-fluid  vc_custom_1716387755929 vc_row-has-fill\"><div class=\"wpb_column vc_column_container vc_col-sm-6  col-xs-mobile-fullwidth\"><div class=\"vc_column-inner \"><div class=\"wpb_wrapper\"><\/div><\/div><\/div><div class=\"wpb_column vc_column_container vc_col-has-fill box-home-tablet am vc_col-sm-6  col-xs-mobile-fullwidth\"><div class=\"vc_column-inner vc_custom_1716386917257\"><div class=\"wpb_wrapper\">[vc_wp_text title=&#8221;Creativity and design&#8221;]We can help you to conceptualise your ideas and turn them into creative proposals.[\/vc_wp_text]<a  href=\"\/en\/creativity-and-design\/\" target=\"_self\" class=\"btn boto-info pofo-button-4 button-style9  btn-link text-extra-dark-gray text-deep-pink-hover  btn-large\"  style=\"color:#121212; \"><i class=\"fa-solid fa-arrow-right icon-very-small  margin-5px-right no-margin-left\" aria-hidden=\"true\" style=\"color:#121212;\" ><\/i>More information<\/a><\/div><\/div><\/div><\/div><div class=\"vc_row wpb_row vc_inner vc_row-fluid  vc_custom_1716387762482 vc_row-has-fill\"><div class=\"wpb_column vc_column_container vc_col-sm-6  col-xs-mobile-fullwidth\"><div class=\"vc_column-inner \"><div class=\"wpb_wrapper\"><\/div><\/div><\/div><div class=\"wpb_column vc_column_container vc_col-has-fill box-home-tablet pi vc_col-sm-6  col-xs-mobile-fullwidth\"><div class=\"vc_column-inner vc_custom_1716387664219\"><div class=\"wpb_wrapper\">[vc_wp_text title=&#8221;Pre-print and editorial management&#8221;]We develop all stages of the editorial and pre-print process for both printed and digital material.[\/vc_wp_text]<a  href=\"\/en\/pre-print-and-editorial-management\/\" target=\"_self\" class=\"btn boto-info pofo-button-5 button-style9  btn-link text-extra-dark-gray text-deep-pink-hover  btn-large\"  style=\"color:#121212; \"><i class=\"fa-solid fa-arrow-right icon-very-small  margin-5px-right no-margin-left\" aria-hidden=\"true\" style=\"color:#121212;\" ><\/i>More information<\/a><\/div><\/div><\/div><\/div><div class=\"vc_row wpb_row vc_inner vc_row-fluid  vc_custom_1716387623004 vc_row-has-fill\"><div class=\"wpb_column vc_column_container vc_col-sm-6  col-xs-mobile-fullwidth\"><div class=\"vc_column-inner \"><div class=\"wpb_wrapper\"><\/div><\/div><\/div><div class=\"wpb_column vc_column_container vc_col-has-fill box-home-tablet bl vc_col-sm-6  col-xs-mobile-fullwidth\"><div class=\"vc_column-inner vc_custom_1716387673099\"><div class=\"wpb_wrapper\">[vc_wp_text title=&#8221;Printing&#8221;]We will guide you through the printing phase (offset or digital), offering advice and the most appropriate solution for your print run, target, and material support.[\/vc_wp_text]<a  href=\"\/en\/printing\/\" target=\"_self\" class=\"btn boto-info pofo-button-6 button-style9  btn-link text-extra-dark-gray text-deep-pink-hover  btn-large\"  style=\"color:#121212; \"><i class=\"fa-solid fa-arrow-right icon-very-small  margin-5px-right no-margin-left\" aria-hidden=\"true\" style=\"color:#121212;\" ><\/i>More information<\/a><\/div><\/div><\/div><\/div><\/div><\/div><\/div><\/section><section class=\"vc_row wpb_row vc_row-fluid  vc_custom_1716389409822\"><div class=\"wpb_column vc_column_container vc_col-sm-12  col-xs-mobile-fullwidth\"><div class=\"vc_column-inner \"><div class=\"wpb_wrapper\"><div class=\"vc_row wpb_row vc_inner vc_row-fluid  vc_custom_1714388691696\"><div class=\"wpb_column vc_column_container vc_col-sm-4 vc_col-lg-4 vc_col-md-4 vc_col-xs-4\"><div class=\"vc_column-inner \"><div class=\"wpb_wrapper\">[vc_single_image image=&#8221;22431&#8243; img_size=&#8221;full&#8221;]<\/div><\/div><\/div><div class=\"wpb_column vc_column_container vc_col-sm-4 vc_col-lg-4 vc_col-md-4 vc_col-xs-4\"><div class=\"vc_column-inner \"><div class=\"wpb_wrapper\">[vc_single_image image=&#8221;22428&#8243; img_size=&#8221;full&#8221; alignment=&#8221;center&#8221;]<\/div><\/div><\/div><div class=\"wpb_column vc_column_container vc_col-sm-4 vc_col-lg-4 vc_col-md-4 vc_col-xs-4\"><div class=\"vc_column-inner \"><div class=\"wpb_wrapper\">[vc_single_image image=&#8221;22430&#8243; img_size=&#8221;full&#8221; alignment=&#8221;right&#8221;]<\/div><\/div><\/div><\/div><\/div><\/div><\/div><\/section>\n<\/div>","protected":false},"excerpt":{"rendered":"Dedication and professionalism at the service of our customersDedication and professionalism at the service of our customersWe are a team of over 20 professionals, specialised and with a long history in the graphic industry, committed to quality and excellence in everything we do. Our multidisciplinary team works hand in hand and in synergy to offer the best graphic solutions, has the creativity, professionalism, and experience to make our clients' projects a reality. [vc_single_image image=\"22432\" img_size=\"full\"][vc_single_image image=\"22428\" img_size=\"full\" alignment=\"center\"][vc_single_image image=\"22433\" img_size=\"full\" alignment=\"right\"]Our services [vc_empty_space][vc_single_image image=\"22457\" img_size=\"full\"][vc_wp_text title=\"Creativity and design\"]We can help you to conceptualise your ideas and turn them into creative proposals.[\/vc_wp_text]More information[vc_single_image image=\"22459\" img_size=\"full\"][vc_wp_text title=\"Pre-print and editorial management\"]We develop all stages of the editorial and pre-print process for both printed and digital material.[\/vc_wp_text]More information[vc_single_image image=\"22460\" img_size=\"full\"][vc_wp_text title=\"Printing\"]We will guide you through the printing phase (offset or digital), offering advice and the most appropriate solution for your print run, target, and material support.[\/vc_wp_text]More informationEls nostres serveis [vc_wp_text title=\"Creativity and design\"]We can help you to conceptualise your ideas and turn them into creative proposals.[\/vc_wp_text]More information[vc_wp_text title=\"Pre-print and editorial management\"]We develop all stages of the editorial and pre-print process for both printed and digital material.[\/vc_wp_text]More information[vc_wp_text title=\"Printing\"]We will guide you through the printing...","protected":false},"author":1,"featured_media":0,"parent":0,"menu_order":0,"comment_status":"closed","ping_status":"closed","template":"","meta":{"inline_featured_image":false,"footnotes":""},"class_list":["post-23058","page","type-page","status-publish","hentry"],"yoast_head":"<!-- This site is optimized with the Yoast SEO plugin v27.2 - https:\/\/yoast.com\/product\/yoast-seo-wordpress\/ -->\n<title>About us - Fotoletra<\/title>\n<meta name=\"robots\" content=\"index, follow, max-snippet:-1, max-image-preview:large, max-video-preview:-1\" \/>\n<link rel=\"canonical\" href=\"https:\/\/www.fotoletra.es\/en\/about-us\/\" \/>\n<meta property=\"og:locale\" content=\"en_US\" \/>\n<meta property=\"og:type\" content=\"article\" \/>\n<meta property=\"og:title\" content=\"About us - Fotoletra\" \/>\n<meta property=\"og:url\" content=\"https:\/\/www.fotoletra.es\/en\/about-us\/\" \/>\n<meta property=\"og:site_name\" content=\"Fotoletra\" \/>\n<meta property=\"article:modified_time\" content=\"2024-07-30T09:28:48+00:00\" \/>\n<meta name=\"twitter:card\" content=\"summary_large_image\" \/>\n<meta name=\"twitter:label1\" content=\"Est. reading time\" \/>\n\t<meta name=\"twitter:data1\" content=\"3 minutes\" \/>\n<script type=\"application\/ld+json\" class=\"yoast-schema-graph\">{\"@context\":\"https:\/\/schema.org\",\"@graph\":[{\"@type\":\"WebPage\",\"@id\":\"https:\/\/www.fotoletra.es\/en\/about-us\/\",\"url\":\"https:\/\/www.fotoletra.es\/en\/about-us\/\",\"name\":\"About us - Fotoletra\",\"isPartOf\":{\"@id\":\"https:\/\/www.fotoletra.es\/#website\"},\"datePublished\":\"2024-05-09T09:48:32+00:00\",\"dateModified\":\"2024-07-30T09:28:48+00:00\",\"breadcrumb\":{\"@id\":\"https:\/\/www.fotoletra.es\/en\/about-us\/#breadcrumb\"},\"inLanguage\":\"en-US\",\"potentialAction\":[{\"@type\":\"ReadAction\",\"target\":[\"https:\/\/www.fotoletra.es\/en\/about-us\/\"]}]},{\"@type\":\"BreadcrumbList\",\"@id\":\"https:\/\/www.fotoletra.es\/en\/about-us\/#breadcrumb\",\"itemListElement\":[{\"@type\":\"ListItem\",\"position\":1,\"name\":\"Inici\",\"item\":\"https:\/\/www.fotoletra.es\/en\/\"},{\"@type\":\"ListItem\",\"position\":2,\"name\":\"About us\"}]},{\"@type\":\"WebSite\",\"@id\":\"https:\/\/www.fotoletra.es\/#website\",\"url\":\"https:\/\/www.fotoletra.es\/\",\"name\":\"Fotoletra\",\"description\":\"Servicios gr\u00e1ficos integrales, impresi\u00f3n digital, gesti\u00f3n editorial\",\"potentialAction\":[{\"@type\":\"SearchAction\",\"target\":{\"@type\":\"EntryPoint\",\"urlTemplate\":\"https:\/\/www.fotoletra.es\/?s={search_term_string}\"},\"query-input\":{\"@type\":\"PropertyValueSpecification\",\"valueRequired\":true,\"valueName\":\"search_term_string\"}}],\"inLanguage\":\"en-US\"}]}<\/script>\n<!-- \/ Yoast SEO plugin. -->","yoast_head_json":{"title":"About us - Fotoletra","robots":{"index":"index","follow":"follow","max-snippet":"max-snippet:-1","max-image-preview":"max-image-preview:large","max-video-preview":"max-video-preview:-1"},"canonical":"https:\/\/www.fotoletra.es\/en\/about-us\/","og_locale":"en_US","og_type":"article","og_title":"About us - Fotoletra","og_url":"https:\/\/www.fotoletra.es\/en\/about-us\/","og_site_name":"Fotoletra","article_modified_time":"2024-07-30T09:28:48+00:00","twitter_card":"summary_large_image","twitter_misc":{"Est. reading time":"3 minutes"},"schema":{"@context":"https:\/\/schema.org","@graph":[{"@type":"WebPage","@id":"https:\/\/www.fotoletra.es\/en\/about-us\/","url":"https:\/\/www.fotoletra.es\/en\/about-us\/","name":"About us - Fotoletra","isPartOf":{"@id":"https:\/\/www.fotoletra.es\/#website"},"datePublished":"2024-05-09T09:48:32+00:00","dateModified":"2024-07-30T09:28:48+00:00","breadcrumb":{"@id":"https:\/\/www.fotoletra.es\/en\/about-us\/#breadcrumb"},"inLanguage":"en-US","potentialAction":[{"@type":"ReadAction","target":["https:\/\/www.fotoletra.es\/en\/about-us\/"]}]},{"@type":"BreadcrumbList","@id":"https:\/\/www.fotoletra.es\/en\/about-us\/#breadcrumb","itemListElement":[{"@type":"ListItem","position":1,"name":"Inici","item":"https:\/\/www.fotoletra.es\/en\/"},{"@type":"ListItem","position":2,"name":"About us"}]},{"@type":"WebSite","@id":"https:\/\/www.fotoletra.es\/#website","url":"https:\/\/www.fotoletra.es\/","name":"Fotoletra","description":"Servicios gr\u00e1ficos integrales, impresi\u00f3n digital, gesti\u00f3n editorial","potentialAction":[{"@type":"SearchAction","target":{"@type":"EntryPoint","urlTemplate":"https:\/\/www.fotoletra.es\/?s={search_term_string}"},"query-input":{"@type":"PropertyValueSpecification","valueRequired":true,"valueName":"search_term_string"}}],"inLanguage":"en-US"}]}},"_links":{"self":[{"href":"https:\/\/www.fotoletra.es\/en\/wp-json\/wp\/v2\/pages\/23058","targetHints":{"allow":["GET"]}}],"collection":[{"href":"https:\/\/www.fotoletra.es\/en\/wp-json\/wp\/v2\/pages"}],"about":[{"href":"https:\/\/www.fotoletra.es\/en\/wp-json\/wp\/v2\/types\/page"}],"author":[{"embeddable":true,"href":"https:\/\/www.fotoletra.es\/en\/wp-json\/wp\/v2\/users\/1"}],"replies":[{"embeddable":true,"href":"https:\/\/www.fotoletra.es\/en\/wp-json\/wp\/v2\/comments?post=23058"}],"version-history":[{"count":20,"href":"https:\/\/www.fotoletra.es\/en\/wp-json\/wp\/v2\/pages\/23058\/revisions"}],"predecessor-version":[{"id":23900,"href":"https:\/\/www.fotoletra.es\/en\/wp-json\/wp\/v2\/pages\/23058\/revisions\/23900"}],"wp:attachment":[{"href":"https:\/\/www.fotoletra.es\/en\/wp-json\/wp\/v2\/media?parent=23058"}],"curies":[{"name":"wp","href":"https:\/\/api.w.org\/{rel}","templated":true}]}}